{"id":8,"date":"2024-04-30T09:16:16","date_gmt":"2024-04-30T09:16:16","guid":{"rendered":"https:\/\/andamentfi.test.cchosting.fi\/?page_id=8"},"modified":"2025-12-10T06:53:22","modified_gmt":"2025-12-10T06:53:22","slug":"etusivu","status":"publish","type":"page","link":"https:\/\/andament.fi\/fi\/","title":{"rendered":"Etusivu"},"content":{"rendered":"<p>Arvokasta p\u00e4\u00e4omaa kest\u00e4vi\u00e4 teknologioita ja ratkaisuja kehitt\u00e4vien yritysten ja hankkeiden eri kasvuvaiheisiin.<\/p>\n","protected":false},"excerpt":{"rendered":"<p>Arvokasta p\u00e4\u00e4omaa kest\u00e4vi\u00e4 teknologioita ja ratkaisuja kehitt\u00e4vien yritysten ja hankkeiden eri kasvuvaiheisiin. [&#8230;]<\/p>\n<p><a class=\"btn btn-secondary understrap-read-more-link\" href=\"https:\/\/andament.fi\/fi\/\">Lue lis\u00e4\u00e4&#8230;<span class=\"screen-reader-text\"> from Etusivu<\/span><\/a><\/p>\n","protected":false},"author":5,"featured_media":139,"parent":0,"menu_order":0,"comment_status":"closed","ping_status":"closed","template":"page-templates\/front.php","meta":{"_acf_changed":false,"inline_featured_image":false,"footnotes":""},"class_list":["post-8","page","type-page","status-publish","has-post-thumbnail","hentry"],"acf":[],"yoast_head":"<!-- This site is optimized with the Yoast SEO plugin v27.5 - https:\/\/yoast.com\/product\/yoast-seo-wordpress\/ -->\n<title>Andament Oy - Kehitysyhti\u00f6 ja teollinen sijoittaja - Andament<\/title>\n<meta name=\"description\" content=\"Andament Oy on dynaaminen suomalainen kehitysyhti\u00f6 ja teollinen sijoittaja. Kasvun tekij\u00e4, jonka intohimoina ovat tulevaisuuden teknologiat ja puhdas energia.\" \/>\n<meta name=\"robots\" content=\"index, follow, max-snippet:-1, max-image-preview:large, max-video-preview:-1\" \/>\n<link rel=\"canonical\" href=\"https:\/\/andament.fi\/fi\/\" \/>\n<meta property=\"og:locale\" content=\"fi_FI\" \/>\n<meta property=\"og:type\" content=\"article\" \/>\n<meta property=\"og:title\" content=\"Andament Oy - Kehitysyhti\u00f6 ja teollinen sijoittaja - Andament\" \/>\n<meta property=\"og:description\" content=\"Andament Oy on dynaaminen suomalainen kehitysyhti\u00f6 ja teollinen sijoittaja. Kasvun tekij\u00e4, jonka intohimoina ovat tulevaisuuden teknologiat ja puhdas energia.\" \/>\n<meta property=\"og:url\" content=\"https:\/\/andament.fi\/fi\/\" \/>\n<meta property=\"og:site_name\" content=\"Andament\" \/>\n<meta property=\"article:modified_time\" content=\"2025-12-10T06:53:22+00:00\" \/>\n<meta property=\"og:image\" content=\"https:\/\/andament.fi\/wp-content\/uploads\/2024\/05\/AdobeStock_228227377-copy-e1715766807729.jpg\" \/>\n\t<meta property=\"og:image:width\" content=\"2352\" \/>\n\t<meta property=\"og:image:height\" content=\"1673\" \/>\n\t<meta property=\"og:image:type\" content=\"image\/jpeg\" \/>\n<meta name=\"twitter:card\" content=\"summary_large_image\" \/>\n<meta name=\"twitter:label1\" content=\"Arvioitu lukuaika\" \/>\n\t<meta name=\"twitter:data1\" content=\"2 minuuttia\" \/>\n<script type=\"application\/ld+json\" class=\"yoast-schema-graph\">{\"@context\":\"https:\\\/\\\/schema.org\",\"@graph\":[{\"@type\":\"WebPage\",\"@id\":\"https:\\\/\\\/andament.fi\\\/fi\\\/\",\"url\":\"https:\\\/\\\/andament.fi\\\/fi\\\/\",\"name\":\"Andament Oy - Kehitysyhti\u00f6 ja teollinen sijoittaja - Andament\",\"isPartOf\":{\"@id\":\"https:\\\/\\\/andament.fi\\\/fi\\\/#website\"},\"primaryImageOfPage\":{\"@id\":\"https:\\\/\\\/andament.fi\\\/fi\\\/#primaryimage\"},\"image\":{\"@id\":\"https:\\\/\\\/andament.fi\\\/fi\\\/#primaryimage\"},\"thumbnailUrl\":\"https:\\\/\\\/andament.fi\\\/wp-content\\\/uploads\\\/2024\\\/05\\\/AdobeStock_228227377-copy-e1715766807729.jpg\",\"datePublished\":\"2024-04-30T09:16:16+00:00\",\"dateModified\":\"2025-12-10T06:53:22+00:00\",\"description\":\"Andament Oy on dynaaminen suomalainen kehitysyhti\u00f6 ja teollinen sijoittaja. Kasvun tekij\u00e4, jonka intohimoina ovat tulevaisuuden teknologiat ja puhdas energia.\",\"breadcrumb\":{\"@id\":\"https:\\\/\\\/andament.fi\\\/fi\\\/#breadcrumb\"},\"inLanguage\":\"fi\",\"potentialAction\":[{\"@type\":\"ReadAction\",\"target\":[\"https:\\\/\\\/andament.fi\\\/fi\\\/\"]}]},{\"@type\":\"ImageObject\",\"inLanguage\":\"fi\",\"@id\":\"https:\\\/\\\/andament.fi\\\/fi\\\/#primaryimage\",\"url\":\"https:\\\/\\\/andament.fi\\\/wp-content\\\/uploads\\\/2024\\\/05\\\/AdobeStock_228227377-copy-e1715766807729.jpg\",\"contentUrl\":\"https:\\\/\\\/andament.fi\\\/wp-content\\\/uploads\\\/2024\\\/05\\\/AdobeStock_228227377-copy-e1715766807729.jpg\",\"width\":2352,\"height\":1673,\"caption\":\"andament oy tausta\"},{\"@type\":\"BreadcrumbList\",\"@id\":\"https:\\\/\\\/andament.fi\\\/fi\\\/#breadcrumb\",\"itemListElement\":[{\"@type\":\"ListItem\",\"position\":1,\"name\":\"Home\",\"item\":\"https:\\\/\\\/andament.fi\\\/fi\\\/\"},{\"@type\":\"ListItem\",\"position\":2,\"name\":\"Etusivu\"}]},{\"@type\":\"WebSite\",\"@id\":\"https:\\\/\\\/andament.fi\\\/fi\\\/#website\",\"url\":\"https:\\\/\\\/andament.fi\\\/fi\\\/\",\"name\":\"Andament\",\"description\":\"A promise to change the world.\",\"publisher\":{\"@id\":\"https:\\\/\\\/andament.fi\\\/fi\\\/#organization\"},\"potentialAction\":[{\"@type\":\"SearchAction\",\"target\":{\"@type\":\"EntryPoint\",\"urlTemplate\":\"https:\\\/\\\/andament.fi\\\/fi\\\/?s={search_term_string}\"},\"query-input\":{\"@type\":\"PropertyValueSpecification\",\"valueRequired\":true,\"valueName\":\"search_term_string\"}}],\"inLanguage\":\"fi\"},{\"@type\":\"Organization\",\"@id\":\"https:\\\/\\\/andament.fi\\\/fi\\\/#organization\",\"name\":\"Andament\",\"url\":\"https:\\\/\\\/andament.fi\\\/fi\\\/\",\"logo\":{\"@type\":\"ImageObject\",\"inLanguage\":\"fi\",\"@id\":\"https:\\\/\\\/andament.fi\\\/fi\\\/#\\\/schema\\\/logo\\\/image\\\/\",\"url\":\"https:\\\/\\\/andament.fi\\\/wp-content\\\/uploads\\\/2024\\\/05\\\/andament-logo-500x77-1.png\",\"contentUrl\":\"https:\\\/\\\/andament.fi\\\/wp-content\\\/uploads\\\/2024\\\/05\\\/andament-logo-500x77-1.png\",\"width\":501,\"height\":78,\"caption\":\"Andament\"},\"image\":{\"@id\":\"https:\\\/\\\/andament.fi\\\/fi\\\/#\\\/schema\\\/logo\\\/image\\\/\"}}]}<\/script>\n<!-- \/ Yoast SEO plugin. -->","yoast_head_json":{"title":"Andament Oy - Kehitysyhti\u00f6 ja teollinen sijoittaja - Andament","description":"Andament Oy on dynaaminen suomalainen kehitysyhti\u00f6 ja teollinen sijoittaja. Kasvun tekij\u00e4, jonka intohimoina ovat tulevaisuuden teknologiat ja puhdas energia.","robots":{"index":"index","follow":"follow","max-snippet":"max-snippet:-1","max-image-preview":"max-image-preview:large","max-video-preview":"max-video-preview:-1"},"canonical":"https:\/\/andament.fi\/fi\/","og_locale":"fi_FI","og_type":"article","og_title":"Andament Oy - Kehitysyhti\u00f6 ja teollinen sijoittaja - Andament","og_description":"Andament Oy on dynaaminen suomalainen kehitysyhti\u00f6 ja teollinen sijoittaja. Kasvun tekij\u00e4, jonka intohimoina ovat tulevaisuuden teknologiat ja puhdas energia.","og_url":"https:\/\/andament.fi\/fi\/","og_site_name":"Andament","article_modified_time":"2025-12-10T06:53:22+00:00","og_image":[{"width":2352,"height":1673,"url":"https:\/\/andament.fi\/wp-content\/uploads\/2024\/05\/AdobeStock_228227377-copy-e1715766807729.jpg","type":"image\/jpeg"}],"twitter_card":"summary_large_image","twitter_misc":{"Arvioitu lukuaika":"2 minuuttia"},"schema":{"@context":"https:\/\/schema.org","@graph":[{"@type":"WebPage","@id":"https:\/\/andament.fi\/fi\/","url":"https:\/\/andament.fi\/fi\/","name":"Andament Oy - Kehitysyhti\u00f6 ja teollinen sijoittaja - Andament","isPartOf":{"@id":"https:\/\/andament.fi\/fi\/#website"},"primaryImageOfPage":{"@id":"https:\/\/andament.fi\/fi\/#primaryimage"},"image":{"@id":"https:\/\/andament.fi\/fi\/#primaryimage"},"thumbnailUrl":"https:\/\/andament.fi\/wp-content\/uploads\/2024\/05\/AdobeStock_228227377-copy-e1715766807729.jpg","datePublished":"2024-04-30T09:16:16+00:00","dateModified":"2025-12-10T06:53:22+00:00","description":"Andament Oy on dynaaminen suomalainen kehitysyhti\u00f6 ja teollinen sijoittaja. Kasvun tekij\u00e4, jonka intohimoina ovat tulevaisuuden teknologiat ja puhdas energia.","breadcrumb":{"@id":"https:\/\/andament.fi\/fi\/#breadcrumb"},"inLanguage":"fi","potentialAction":[{"@type":"ReadAction","target":["https:\/\/andament.fi\/fi\/"]}]},{"@type":"ImageObject","inLanguage":"fi","@id":"https:\/\/andament.fi\/fi\/#primaryimage","url":"https:\/\/andament.fi\/wp-content\/uploads\/2024\/05\/AdobeStock_228227377-copy-e1715766807729.jpg","contentUrl":"https:\/\/andament.fi\/wp-content\/uploads\/2024\/05\/AdobeStock_228227377-copy-e1715766807729.jpg","width":2352,"height":1673,"caption":"andament oy tausta"},{"@type":"BreadcrumbList","@id":"https:\/\/andament.fi\/fi\/#breadcrumb","itemListElement":[{"@type":"ListItem","position":1,"name":"Home","item":"https:\/\/andament.fi\/fi\/"},{"@type":"ListItem","position":2,"name":"Etusivu"}]},{"@type":"WebSite","@id":"https:\/\/andament.fi\/fi\/#website","url":"https:\/\/andament.fi\/fi\/","name":"Andament","description":"A promise to change the world.","publisher":{"@id":"https:\/\/andament.fi\/fi\/#organization"},"potentialAction":[{"@type":"SearchAction","target":{"@type":"EntryPoint","urlTemplate":"https:\/\/andament.fi\/fi\/?s={search_term_string}"},"query-input":{"@type":"PropertyValueSpecification","valueRequired":true,"valueName":"search_term_string"}}],"inLanguage":"fi"},{"@type":"Organization","@id":"https:\/\/andament.fi\/fi\/#organization","name":"Andament","url":"https:\/\/andament.fi\/fi\/","logo":{"@type":"ImageObject","inLanguage":"fi","@id":"https:\/\/andament.fi\/fi\/#\/schema\/logo\/image\/","url":"https:\/\/andament.fi\/wp-content\/uploads\/2024\/05\/andament-logo-500x77-1.png","contentUrl":"https:\/\/andament.fi\/wp-content\/uploads\/2024\/05\/andament-logo-500x77-1.png","width":501,"height":78,"caption":"Andament"},"image":{"@id":"https:\/\/andament.fi\/fi\/#\/schema\/logo\/image\/"}}]}},"_links":{"self":[{"href":"https:\/\/andament.fi\/fi\/wp-json\/wp\/v2\/pages\/8","targetHints":{"allow":["GET"]}}],"collection":[{"href":"https:\/\/andament.fi\/fi\/wp-json\/wp\/v2\/pages"}],"about":[{"href":"https:\/\/andament.fi\/fi\/wp-json\/wp\/v2\/types\/page"}],"author":[{"embeddable":true,"href":"https:\/\/andament.fi\/fi\/wp-json\/wp\/v2\/users\/5"}],"replies":[{"embeddable":true,"href":"https:\/\/andament.fi\/fi\/wp-json\/wp\/v2\/comments?post=8"}],"version-history":[{"count":15,"href":"https:\/\/andament.fi\/fi\/wp-json\/wp\/v2\/pages\/8\/revisions"}],"predecessor-version":[{"id":302,"href":"https:\/\/andament.fi\/fi\/wp-json\/wp\/v2\/pages\/8\/revisions\/302"}],"wp:featuredmedia":[{"embeddable":true,"href":"https:\/\/andament.fi\/fi\/wp-json\/wp\/v2\/media\/139"}],"wp:attachment":[{"href":"https:\/\/andament.fi\/fi\/wp-json\/wp\/v2\/media?parent=8"}],"curies":[{"name":"wp","href":"https:\/\/api.w.org\/{rel}","templated":true}]}}